{"id":75927,"date":"2022-06-03T17:15:45","date_gmt":"2022-06-03T15:15:45","guid":{"rendered":"https:\/\/www.sispetroleum.com\/?page_id=75927"},"modified":"2022-06-13T18:39:01","modified_gmt":"2022-06-13T16:39:01","slug":"partners","status":"publish","type":"page","link":"https:\/\/www.sispetroleum.com\/en\/partners\/","title":{"rendered":"Partners"},"content":{"rendered":"<p>[vc_row][vc_column][vc_tta_tabs][vc_tta_section title=&#8221;Ramcro&#8221; tab_id=&#8221;1655126402851-02c5913f-ed9a&#8221;][vc_column_text]<strong><img decoding=\"async\" loading=\"lazy\" class=\"size-medium wp-image-76106 aligncenter\" src=\"https:\/\/www.sispetroleum.com\/wp-content\/uploads\/2022\/06\/logo-ramcro-300x100.png\" alt=\"\" width=\"300\" height=\"100\" srcset=\"https:\/\/www.sispetroleum.com\/wp-content\/uploads\/2022\/06\/logo-ramcro-300x100.png 300w, https:\/\/www.sispetroleum.com\/wp-content\/uploads\/2022\/06\/logo-ramcro.png 600w\" sizes=\"(max-width: 300px) 100vw, 300px\" \/><\/strong><\/p>\n<p><strong>Ramcro<\/strong> was founded in 1979 as a family business producing specialty cables.<\/p>\n<p><strong>Ramcro<\/strong> solves any type of technical problem in the field of cables, ensuring customer satisfaction through high quality and personalized solutions, improving customer efficiency and optimizing their processes. Ramcro offers extremely flexible solutions and a full range of services, even tailor-made, based on an exceptional global experience.[\/vc_column_text][\/vc_tta_section][vc_tta_section title=&#8221;Adaro&#8221; tab_id=&#8221;1655126402899-a761487b-696d&#8221;][vc_column_text]<strong><img decoding=\"async\" loading=\"lazy\" class=\"size-medium wp-image-76111 aligncenter\" src=\"https:\/\/www.sispetroleum.com\/wp-content\/uploads\/2022\/06\/Logo-ADALIT-SAFETY-LIGHTING-AMARILLO-300x88.png\" alt=\"\" width=\"300\" height=\"88\" srcset=\"https:\/\/www.sispetroleum.com\/wp-content\/uploads\/2022\/06\/Logo-ADALIT-SAFETY-LIGHTING-AMARILLO-300x88.png 300w, https:\/\/www.sispetroleum.com\/wp-content\/uploads\/2022\/06\/Logo-ADALIT-SAFETY-LIGHTING-AMARILLO.png 600w\" sizes=\"(max-width: 300px) 100vw, 300px\" \/><\/strong><\/p>\n<p><strong>AdaroTecnolog\u00eda S.A<\/strong>., a Spanish company founded in 1902.<\/p>\n<p><strong>Adaro<\/strong> produces intrinsically safe portable lighting equipment at its factory in northern Spain, to the highest quality standards and using state-of-the-art technology.[\/vc_column_text][\/vc_tta_section][vc_tta_section title=&#8221;Cortem&#8221; tab_id=&#8221;1655126749098-52dedf37-49ac&#8221;][vc_column_text]<strong><img decoding=\"async\" loading=\"lazy\" class=\"size-medium wp-image-76091 aligncenter\" src=\"https:\/\/www.sispetroleum.com\/wp-content\/uploads\/2022\/06\/logo-Cortem-300x149.jpg\" alt=\"\" width=\"300\" height=\"149\" srcset=\"https:\/\/www.sispetroleum.com\/wp-content\/uploads\/2022\/06\/logo-Cortem-300x149.jpg 300w, https:\/\/www.sispetroleum.com\/wp-content\/uploads\/2022\/06\/logo-Cortem.jpg 400w\" sizes=\"(max-width: 300px) 100vw, 300px\" \/><\/strong><strong>Cortem<\/strong> was founded on February 24, 1968 in Villesse by Marco Rossi and Renato Gratton under the acronym &#8220;Cor.tem&#8221;, Construction, Electromechanical Technical Representations, with the ambition of becoming an Italian, then international, leader in the design and production of electrical equipment for environments at risk of explosion and fire.[\/vc_column_text][\/vc_tta_section][vc_tta_section title=&#8221;Pneumoidraulica&#8221; tab_id=&#8221;1655127022687-27cb8827-506b&#8221;][vc_column_text]<img decoding=\"async\" loading=\"lazy\" class=\"size-medium wp-image-76095 aligncenter\" src=\"https:\/\/www.sispetroleum.com\/wp-content\/uploads\/2022\/06\/0-PE-LOGO1-300x86.png\" alt=\"\" width=\"300\" height=\"86\" srcset=\"https:\/\/www.sispetroleum.com\/wp-content\/uploads\/2022\/06\/0-PE-LOGO1-300x86.png 300w, https:\/\/www.sispetroleum.com\/wp-content\/uploads\/2022\/06\/0-PE-LOGO1.png 580w\" sizes=\"(max-width: 300px) 100vw, 300px\" \/><\/p>\n<p>Providing control systems with quality and reliability at the highest levels in the market!<\/p>\n<p>Innovation, entrepreneurship and technical challenges were the main elements that characterized the birth, in 1994, of PNEUMOIDRAULICA ENGINEERING. The objective, to provide high quality products for Oil &amp; Gas.<\/p>\n<p>Even today, PNEUMOIDRAULICA ENGINEERING is on the market not as a reseller but as a designer, manufacturer, installer and maintenance provider of pneumatic and hydraulic control and safety systems.<\/p>\n<p>Our long experience in the field, thanks to the multi-year service activity (both on-shore and off-shore) and to the management of factories, ensures us precise and continuous training, essential for the design of new factories. .[\/vc_column_text][\/vc_tta_section][vc_tta_section title=&#8221;EURO 2000&#8243; tab_id=&#8221;1655127147889-bc916768-034c&#8221;][vc_column_text]EURO 2000 was born in 1999, innovating and revolutionizing the world of rigid and flexible mechanical protection system for electrical cables.[\/vc_column_text][\/vc_tta_section][vc_tta_section title=&#8221;Roxtec&#8221; tab_id=&#8221;1655127216043-94026827-6da0&#8243;][vc_column_text]<strong><img decoding=\"async\" loading=\"lazy\" class=\"size-medium wp-image-76108 aligncenter\" src=\"https:\/\/www.sispetroleum.com\/wp-content\/uploads\/2022\/06\/logo-ROXTEC-300x83.png\" alt=\"\" width=\"300\" height=\"83\" srcset=\"https:\/\/www.sispetroleum.com\/wp-content\/uploads\/2022\/06\/logo-ROXTEC-300x83.png 300w, https:\/\/www.sispetroleum.com\/wp-content\/uploads\/2022\/06\/logo-ROXTEC.png 600w\" sizes=\"(max-width: 300px) 100vw, 300px\" \/><\/strong><\/p>\n<p><strong>Roxtec<\/strong> was founded in 1990 by Mikael Blomqvist<br \/>\n<strong>Roxtec<\/strong> provides sealing solutions for cable and pipe penetrations in many industries.<\/p>\n<p>Les solutions d&#8217;\u00e9tanch\u00e9it\u00e9 <strong>Roxtec<\/strong>, garantissant la s\u00e9curit\u00e9, sont pr\u00e9sentes sur terre, en mer et dans le sol.[\/vc_column_text][\/vc_tta_section][vc_tta_section title=&#8221;SIB&#8221; tab_id=&#8221;1655127324307-79be6974-7e23&#8243;][vc_column_text]<strong>SIB<\/strong>, a French company founded in 1922 in Boulay-Moselle.<\/p>\n<p><strong>SIB<\/strong> designs, manufactures and markets products and accessories in brass, stainless steel or plastic for the electrical, railway, maritime and mining sectors and intended for &#8220;ATEX&#8221; environments (oil &amp; gas, petrochemicals, etc.) as well as a complete range for the building sector.[\/vc_column_text][\/vc_tta_section][\/vc_tta_tabs][\/vc_column][\/vc_row]<\/p>\n","protected":false},"excerpt":{"rendered":"<p>[vc_row][vc_column][vc_tta_tabs][vc_tta_section title=&#8221;Ramcro&#8221; tab_id=&#8221;1655126402851-02c5913f-ed9a&#8221;][vc_column_text] Ramcro was founded in 1979 as a family business producing specialty cables. Ramcro solves any type of technical problem in the field of cables, ensuring customer satisfaction through high quality and personalized solutions, improving customer efficiency and optimizing their processes. Ramcro offers extremely flexible solutions and a full range of services, even [&hellip;]<\/p>\n","protected":false},"author":1,"featured_media":0,"parent":0,"menu_order":0,"comment_status":"closed","ping_status":"closed","template":"","meta":[],"yoast_head":"<!-- This site is optimized with the Yoast SEO plugin v19.3 - https:\/\/yoast.com\/wordpress\/plugins\/seo\/ -->\n<title>Partners | SIS Petroleum tunisie<\/title>\n<meta name=\"description\" content=\"sis petroluem tunisie, \u00e9quipements p\u00e9troliers tunisie, lampe torche tunisie, passage de c\u00e2bles tunisie, mat\u00e9riel anti d\u00e9flagrant tunisie, c\u00e2ble instrumentation tunisie, appareil de signalisation tunisie, presse \u00e9toupe tunisie, raccord \u00e9lectrique tunisie, :[fr] sispetroluem tunisia, petroleum equipment tunisia, flashlight tunisia, cable passage tunisia, explosion-proof equipment tunisia, instrument cable tunisia, signaling device tunisia, cable gland tunisie, electrical connection tunisia, :[en]\" \/>\n<meta name=\"robots\" content=\"index, follow, max-snippet:-1, max-image-preview:large, max-video-preview:-1\" \/>\n<link rel=\"canonical\" href=\"https:\/\/www.sispetroleum.com\/en\/partners\/\" \/>\n<meta property=\"og:locale\" content=\"en_US\" \/>\n<meta property=\"og:type\" content=\"article\" \/>\n<meta property=\"og:title\" content=\"Partners | SIS Petroleum tunisie\" \/>\n<meta property=\"og:description\" content=\"sis petroluem tunisie, \u00e9quipements p\u00e9troliers tunisie, lampe torche tunisie, passage de c\u00e2bles tunisie, mat\u00e9riel anti d\u00e9flagrant tunisie, c\u00e2ble instrumentation tunisie, appareil de signalisation tunisie, presse \u00e9toupe tunisie, raccord \u00e9lectrique tunisie, :[fr] sispetroluem tunisia, petroleum equipment tunisia, flashlight tunisia, cable passage tunisia, explosion-proof equipment tunisia, instrument cable tunisia, signaling device tunisia, cable gland tunisie, electrical connection tunisia, :[en]\" \/>\n<meta property=\"og:url\" content=\"https:\/\/www.sispetroleum.com\/en\/partners\/\" \/>\n<meta property=\"og:site_name\" content=\"SIS Petroleum tunisie\" \/>\n<meta property=\"article:modified_time\" content=\"2022-06-13T16:39:01+00:00\" \/>\n<meta property=\"og:image\" content=\"https:\/\/www.sispetroleum.com\/wp-content\/uploads\/2022\/06\/logo-ramcro-300x100.png\" \/>\n<meta name=\"twitter:card\" content=\"summary_large_image\" \/>\n<meta name=\"twitter:label1\" content=\"Est. reading time\" \/>\n\t<meta name=\"twitter:data1\" content=\"3 minutes\" \/>\n<script type=\"application\/ld+json\" class=\"yoast-schema-graph\">{\"@context\":\"https:\/\/schema.org\",\"@graph\":[{\"@type\":\"WebSite\",\"@id\":\"https:\/\/www.sispetroleum.com\/#website\",\"url\":\"https:\/\/www.sispetroleum.com\/\",\"name\":\"SIS Petroleum tunisie\",\"description\":\"sis petroluem tunisie, \u00e9quipements p\u00e9troliers tunisie, lampe torche tunisie, passage de c\u00e2bles tunisie, mat\u00e9riel anti d\u00e9flagrant tunisie, c\u00e2ble instrumentation tunisie, appareil de signalisation tunisie, presse \u00e9toupe tunisie, raccord \u00e9lectrique tunisie, :[fr] sispetroluem tunisia, petroleum equipment tunisia, flashlight tunisia, cable passage tunisia, explosion-proof equipment tunisia, instrument cable tunisia, signaling device tunisia, cable gland tunisie, electrical connection tunisia, :[en]\",\"potentialAction\":[{\"@type\":\"SearchAction\",\"target\":{\"@type\":\"EntryPoint\",\"urlTemplate\":\"https:\/\/www.sispetroleum.com\/?s={search_term_string}\"},\"query-input\":\"required name=search_term_string\"}],\"inLanguage\":\"en-US\"},{\"@type\":\"ImageObject\",\"inLanguage\":\"en-US\",\"@id\":\"https:\/\/www.sispetroleum.com\/en\/partners\/#primaryimage\",\"url\":\"https:\/\/www.sispetroleum.com\/wp-content\/uploads\/2022\/06\/logo-ramcro.png\",\"contentUrl\":\"https:\/\/www.sispetroleum.com\/wp-content\/uploads\/2022\/06\/logo-ramcro.png\",\"width\":600,\"height\":200},{\"@type\":\"WebPage\",\"@id\":\"https:\/\/www.sispetroleum.com\/en\/partners\/\",\"url\":\"https:\/\/www.sispetroleum.com\/en\/partners\/\",\"name\":\"Partners | SIS Petroleum tunisie\",\"isPartOf\":{\"@id\":\"https:\/\/www.sispetroleum.com\/#website\"},\"primaryImageOfPage\":{\"@id\":\"https:\/\/www.sispetroleum.com\/en\/partners\/#primaryimage\"},\"datePublished\":\"2022-06-03T15:15:45+00:00\",\"dateModified\":\"2022-06-13T16:39:01+00:00\",\"description\":\"sis petroluem tunisie, \u00e9quipements p\u00e9troliers tunisie, lampe torche tunisie, passage de c\u00e2bles tunisie, mat\u00e9riel anti d\u00e9flagrant tunisie, c\u00e2ble instrumentation tunisie, appareil de signalisation tunisie, presse \u00e9toupe tunisie, raccord \u00e9lectrique tunisie, :[fr] sispetroluem tunisia, petroleum equipment tunisia, flashlight tunisia, cable passage tunisia, explosion-proof equipment tunisia, instrument cable tunisia, signaling device tunisia, cable gland tunisie, electrical connection tunisia, :[en]\",\"breadcrumb\":{\"@id\":\"https:\/\/www.sispetroleum.com\/en\/partners\/#breadcrumb\"},\"inLanguage\":\"en-US\",\"potentialAction\":[{\"@type\":\"ReadAction\",\"target\":[\"https:\/\/www.sispetroleum.com\/en\/partners\/\"]}]},{\"@type\":\"BreadcrumbList\",\"@id\":\"https:\/\/www.sispetroleum.com\/en\/partners\/#breadcrumb\",\"itemListElement\":[{\"@type\":\"ListItem\",\"position\":1,\"name\":\"Accueil\",\"item\":\"https:\/\/www.sispetroleum.com\/en\/\"},{\"@type\":\"ListItem\",\"position\":2,\"name\":\"Partners\"}]}]}<\/script>\n<!-- \/ Yoast SEO plugin. -->","yoast_head_json":{"title":"Partners | SIS Petroleum tunisie","description":"sis petroluem tunisie, \u00e9quipements p\u00e9troliers tunisie, lampe torche tunisie, passage de c\u00e2bles tunisie, mat\u00e9riel anti d\u00e9flagrant tunisie, c\u00e2ble instrumentation tunisie, appareil de signalisation tunisie, presse \u00e9toupe tunisie, raccord \u00e9lectrique tunisie, :[fr] sispetroluem tunisia, petroleum equipment tunisia, flashlight tunisia, cable passage tunisia, explosion-proof equipment tunisia, instrument cable tunisia, signaling device tunisia, cable gland tunisie, electrical connection tunisia, :[en]","robots":{"index":"index","follow":"follow","max-snippet":"max-snippet:-1","max-image-preview":"max-image-preview:large","max-video-preview":"max-video-preview:-1"},"canonical":"https:\/\/www.sispetroleum.com\/en\/partners\/","og_locale":"en_US","og_type":"article","og_title":"Partners | SIS Petroleum tunisie","og_description":"sis petroluem tunisie, \u00e9quipements p\u00e9troliers tunisie, lampe torche tunisie, passage de c\u00e2bles tunisie, mat\u00e9riel anti d\u00e9flagrant tunisie, c\u00e2ble instrumentation tunisie, appareil de signalisation tunisie, presse \u00e9toupe tunisie, raccord \u00e9lectrique tunisie, :[fr] sispetroluem tunisia, petroleum equipment tunisia, flashlight tunisia, cable passage tunisia, explosion-proof equipment tunisia, instrument cable tunisia, signaling device tunisia, cable gland tunisie, electrical connection tunisia, :[en]","og_url":"https:\/\/www.sispetroleum.com\/en\/partners\/","og_site_name":"SIS Petroleum tunisie","article_modified_time":"2022-06-13T16:39:01+00:00","og_image":[{"url":"https:\/\/www.sispetroleum.com\/wp-content\/uploads\/2022\/06\/logo-ramcro-300x100.png"}],"twitter_card":"summary_large_image","twitter_misc":{"Est. reading time":"3 minutes"},"schema":{"@context":"https:\/\/schema.org","@graph":[{"@type":"WebSite","@id":"https:\/\/www.sispetroleum.com\/#website","url":"https:\/\/www.sispetroleum.com\/","name":"SIS Petroleum tunisie","description":"sis petroluem tunisie, \u00e9quipements p\u00e9troliers tunisie, lampe torche tunisie, passage de c\u00e2bles tunisie, mat\u00e9riel anti d\u00e9flagrant tunisie, c\u00e2ble instrumentation tunisie, appareil de signalisation tunisie, presse \u00e9toupe tunisie, raccord \u00e9lectrique tunisie, :[fr] sispetroluem tunisia, petroleum equipment tunisia, flashlight tunisia, cable passage tunisia, explosion-proof equipment tunisia, instrument cable tunisia, signaling device tunisia, cable gland tunisie, electrical connection tunisia, :[en]","potentialAction":[{"@type":"SearchAction","target":{"@type":"EntryPoint","urlTemplate":"https:\/\/www.sispetroleum.com\/?s={search_term_string}"},"query-input":"required name=search_term_string"}],"inLanguage":"en-US"},{"@type":"ImageObject","inLanguage":"en-US","@id":"https:\/\/www.sispetroleum.com\/en\/partners\/#primaryimage","url":"https:\/\/www.sispetroleum.com\/wp-content\/uploads\/2022\/06\/logo-ramcro.png","contentUrl":"https:\/\/www.sispetroleum.com\/wp-content\/uploads\/2022\/06\/logo-ramcro.png","width":600,"height":200},{"@type":"WebPage","@id":"https:\/\/www.sispetroleum.com\/en\/partners\/","url":"https:\/\/www.sispetroleum.com\/en\/partners\/","name":"Partners | SIS Petroleum tunisie","isPartOf":{"@id":"https:\/\/www.sispetroleum.com\/#website"},"primaryImageOfPage":{"@id":"https:\/\/www.sispetroleum.com\/en\/partners\/#primaryimage"},"datePublished":"2022-06-03T15:15:45+00:00","dateModified":"2022-06-13T16:39:01+00:00","description":"sis petroluem tunisie, \u00e9quipements p\u00e9troliers tunisie, lampe torche tunisie, passage de c\u00e2bles tunisie, mat\u00e9riel anti d\u00e9flagrant tunisie, c\u00e2ble instrumentation tunisie, appareil de signalisation tunisie, presse \u00e9toupe tunisie, raccord \u00e9lectrique tunisie, :[fr] sispetroluem tunisia, petroleum equipment tunisia, flashlight tunisia, cable passage tunisia, explosion-proof equipment tunisia, instrument cable tunisia, signaling device tunisia, cable gland tunisie, electrical connection tunisia, :[en]","breadcrumb":{"@id":"https:\/\/www.sispetroleum.com\/en\/partners\/#breadcrumb"},"inLanguage":"en-US","potentialAction":[{"@type":"ReadAction","target":["https:\/\/www.sispetroleum.com\/en\/partners\/"]}]},{"@type":"BreadcrumbList","@id":"https:\/\/www.sispetroleum.com\/en\/partners\/#breadcrumb","itemListElement":[{"@type":"ListItem","position":1,"name":"Accueil","item":"https:\/\/www.sispetroleum.com\/en\/"},{"@type":"ListItem","position":2,"name":"Partners"}]}]}},"_links":{"self":[{"href":"https:\/\/www.sispetroleum.com\/en\/wp-json\/wp\/v2\/pages\/75927"}],"collection":[{"href":"https:\/\/www.sispetroleum.com\/en\/wp-json\/wp\/v2\/pages"}],"about":[{"href":"https:\/\/www.sispetroleum.com\/en\/wp-json\/wp\/v2\/types\/page"}],"author":[{"embeddable":true,"href":"https:\/\/www.sispetroleum.com\/en\/wp-json\/wp\/v2\/users\/1"}],"replies":[{"embeddable":true,"href":"https:\/\/www.sispetroleum.com\/en\/wp-json\/wp\/v2\/comments?post=75927"}],"version-history":[{"count":4,"href":"https:\/\/www.sispetroleum.com\/en\/wp-json\/wp\/v2\/pages\/75927\/revisions"}],"predecessor-version":[{"id":76169,"href":"https:\/\/www.sispetroleum.com\/en\/wp-json\/wp\/v2\/pages\/75927\/revisions\/76169"}],"wp:attachment":[{"href":"https:\/\/www.sispetroleum.com\/en\/wp-json\/wp\/v2\/media?parent=75927"}],"curies":[{"name":"wp","href":"https:\/\/api.w.org\/{rel}","templated":true}]}}