{"id":75933,"date":"2022-06-03T17:21:25","date_gmt":"2022-06-03T15:21:25","guid":{"rendered":"https:\/\/www.sispetroleum.com\/?page_id=75933"},"modified":"2022-06-03T17:21:25","modified_gmt":"2022-06-03T15:21:25","slug":"presentation","status":"publish","type":"page","link":"https:\/\/www.sispetroleum.com\/en\/presentation\/","title":{"rendered":"Presentation"},"content":{"rendered":"<p>[vc_row css=&#8221;.vc_custom_1654163459329{margin-top: 20px !important;margin-bottom: 70px !important;}&#8221;][vc_column][vc_row_inner css=&#8221;.vc_custom_1433820342606{margin-bottom: 0px !important;}&#8221;][vc_column_inner width=&#8221;1\/2&#8243; css=&#8221;.vc_custom_1433820353046{margin-bottom: 50px !important;}&#8221;][vc_empty_space][vc_custom_heading text=&#8221;ABOUT US :&#8221; font_container=&#8221;tag:h2|font_size:20|text_align:left&#8221; css_animation=&#8221;top-to-bottom&#8221; el_class=&#8221;heading-title-3&#8243;][vc_column_text]<strong>SIS<\/strong> is a company whose vocation is to represent and market products intended for the petroleum sector.<\/p>\n<p><strong>SIS<\/strong> offers a wide range of products capable of satisfying all the needs of our customers.[\/vc_column_text][\/vc_column_inner][vc_column_inner width=&#8221;1\/2&#8243; css=&#8221;.vc_custom_1433820365597{margin-bottom: 50px !important;}&#8221;][vc_single_image image=&#8221;75887&#8243; img_size=&#8221;full&#8221; css_animation=&#8221;zoomIn&#8221;][\/vc_column_inner][\/vc_row_inner][vc_row_inner el_class=&#8221;align-center certifications-block&#8221; css=&#8221;.vc_custom_1432893891358{margin-bottom: 50px !important;}&#8221;][vc_column_inner width=&#8221;1\/3&#8243;][vc_column_text css_animation=&#8221;top-to-bottom&#8221;]<strong><img decoding=\"async\" loading=\"lazy\" class=\"alignnone size-medium wp-image-75883\" src=\"https:\/\/www.sispetroleum.com\/wp-content\/uploads\/2022\/06\/mission.png\" alt=\"\" width=\"70\" height=\"70\" \/><\/strong><\/p>\n<h4><strong>OUR MISSION<\/strong><\/h4>\n<p>Our mission is to bring out new ideas, to tap into the creative reservoirs of our employees.<\/p>\n<p>Our ambition is to bring a wind of innovation to our company and to pave the way for innovative ideas.[\/vc_column_text][\/vc_column_inner][vc_column_inner width=&#8221;1\/3&#8243;][vc_column_text css_animation=&#8221;top-to-bottom&#8221;]<img decoding=\"async\" loading=\"lazy\" class=\"alignnone size-full wp-image-75885\" src=\"https:\/\/www.sispetroleum.com\/wp-content\/uploads\/2022\/06\/visionn.png\" alt=\"\" width=\"70\" height=\"70\" \/><\/p>\n<h4><strong>OUR VISION<\/strong><\/h4>\n<p>By strengthening the safety of workers working in areas at risk of explosion, we aim to become a leading representation company on the markets.[\/vc_column_text][\/vc_column_inner][vc_column_inner width=&#8221;1\/3&#8243;][vc_column_text css_animation=&#8221;top-to-bottom&#8221;]<img decoding=\"async\" loading=\"lazy\" class=\"alignnone size-full wp-image-75884\" src=\"https:\/\/www.sispetroleum.com\/wp-content\/uploads\/2022\/06\/objectifss.png\" alt=\"\" width=\"70\" height=\"70\" \/><\/p>\n<h4><strong>OUR OBJECTIVE<\/strong><\/h4>\n<p>Our goal is to exceed our customers&#8217; expectations for quality, delivery and cost through continuous improvement and customer satisfaction.[\/vc_column_text][\/vc_column_inner][\/vc_row_inner][vc_row_inner css=&#8221;.vc_custom_1433388646038{margin-bottom: 20px !important;}&#8221; el_class=&#8221;history-page&#8221;][vc_column_inner][vc_custom_heading text=&#8221;CERTIFICATION&#8221; font_container=&#8221;tag:h2|font_size:20|text_align:left&#8221; el_class=&#8221;heading-title-3&#8243;][\/vc_column_inner][\/vc_row_inner][vc_row_inner css=&#8221;.vc_custom_1433388646038{margin-bottom: 20px !important;}&#8221; el_class=&#8221;history-page&#8221;][vc_column_inner width=&#8221;1\/3&#8243;][\/vc_column_inner][vc_column_inner width=&#8221;1\/3&#8243;][\/vc_column_inner][vc_column_inner width=&#8221;1\/3&#8243;][\/vc_column_inner][\/vc_row_inner][vc_row_inner css=&#8221;.vc_custom_1433388646038{margin-bottom: 20px !important;}&#8221; el_class=&#8221;history-page&#8221;][vc_column_inner][vc_custom_heading text=&#8221;OUR HISTORY&#8221; font_container=&#8221;tag:h2|font_size:20|text_align:left&#8221; el_class=&#8221;heading-title-3&#8243;][\/vc_column_inner][\/vc_row_inner][vc_row_inner css=&#8221;.vc_custom_1433388646038{margin-bottom: 20px !important;}&#8221; el_class=&#8221;history-page&#8221;][vc_column_inner width=&#8221;1\/4&#8243;][vc_column_text]<img decoding=\"async\" loading=\"lazy\" class=\"alignnone size-full wp-image-73976\" src=\"https:\/\/www.sispetroleum.com\/wp-content\/uploads\/2015\/05\/h1.jpg\" alt=\"h1\" width=\"200\" height=\"134\" \/>[\/vc_column_text][\/vc_column_inner][vc_column_inner width=&#8221;3\/4&#8243;][vc_column_text el_class=&#8221;history&#8221;]<\/p>\n<h3><em>1930<\/em> . STRUCTURE WAS FOUNDED<\/h3>\n<p>Structure was founded based on the core values of teamwork, integrity and commitment. Today, The company\u2019s reach is global, and our people uphold its founder\u2019s vision to provide valuable services to clients.[\/vc_column_text][\/vc_column_inner][\/vc_row_inner][vc_row_inner css=&#8221;.vc_custom_1433388632845{margin-bottom: 20px !important;}&#8221; el_class=&#8221;history-page&#8221;][vc_column_inner width=&#8221;1\/4&#8243;][vc_column_text]<img decoding=\"async\" loading=\"lazy\" class=\"alignnone size-full wp-image-73977\" src=\"https:\/\/www.sispetroleum.com\/wp-content\/uploads\/2015\/05\/h2.jpg\" alt=\"h2\" width=\"200\" height=\"134\" \/>[\/vc_column_text][\/vc_column_inner][vc_column_inner width=&#8221;3\/4&#8243;][vc_column_text el_class=&#8221;history&#8221;]<\/p>\n<h3><em>1985<\/em> . STRUCTURE IS GROWING<\/h3>\n<p>Structure&#8217;s insistence on quality of service, hard work, and responsiveness to client needs remains the company credo and has led to its success in a competitive industry. [\/vc_column_text][\/vc_column_inner][\/vc_row_inner][vc_row_inner css=&#8221;.vc_custom_1433388625923{margin-bottom: 20px !important;}&#8221; el_class=&#8221;history-page&#8221;][vc_column_inner width=&#8221;1\/4&#8243;][vc_column_text]<img decoding=\"async\" loading=\"lazy\" class=\"alignnone size-full wp-image-73978\" src=\"https:\/\/www.sispetroleum.com\/wp-content\/uploads\/2015\/05\/h3.jpg\" alt=\"h3\" width=\"200\" height=\"134\" \/>[\/vc_column_text][\/vc_column_inner][vc_column_inner width=&#8221;3\/4&#8243;][vc_column_text el_class=&#8221;history&#8221;]<\/p>\n<h3><em>2000.<\/em> BECOME THE LEADING<\/h3>\n<p>Structure has become the leading industry exponent of the transformational construction tool and process Building Information Modeling (BIM), with more than $50 billion in BIM project experience. [\/vc_column_text][\/vc_column_inner][\/vc_row_inner][vc_row_inner css=&#8221;.vc_custom_1433388613224{margin-bottom: 50px !important;}&#8221; el_class=&#8221;history-page&#8221;][vc_column_inner width=&#8221;1\/4&#8243;][vc_column_text]<img decoding=\"async\" loading=\"lazy\" class=\"alignnone size-full wp-image-73979\" src=\"https:\/\/www.sispetroleum.com\/wp-content\/uploads\/2015\/05\/h4.jpg\" alt=\"h4\" width=\"200\" height=\"134\" \/>[\/vc_column_text][\/vc_column_inner][vc_column_inner width=&#8221;3\/4&#8243;][vc_column_text el_class=&#8221;history&#8221;]<\/p>\n<h3><em>2015<\/em> . PIONEERING THE USE OF STEEL-REINFORCED CONCRETE<\/h3>\n<p>Structure first made its mark on the industry by pioneering the use of steel-reinforced concrete for general building, which allowed our company to deliver safer, stronger, and more efficient buildings to clients. [\/vc_column_text][\/vc_column_inner][\/vc_row_inner][vc_empty_space][vc_custom_heading text=&#8221;WORK TEAM&#8221; font_container=&#8221;tag:h2|font_size:20|text_align:left&#8221; el_class=&#8221;heading-title-3&#8243;][vc_column_text css=&#8221;.vc_custom_1654269688887{margin-top: -10px !important;margin-bottom: 30px !important;}&#8221;]We have a young and dynamic team. We are committed to developing an internal organization that allows them to express their talents, promotes their motivation and involvement and a training policy that optimizes their know-how and contributes to improving their the productivity.[\/vc_column_text][vc_row_inner el_class=&#8221;align-center people&#8221;][vc_column_inner width=&#8221;1\/3&#8243;][vc_column_text]<img decoding=\"async\" loading=\"lazy\" class=\"alignnone size-full wp-image-73980\" src=\"https:\/\/www.sispetroleum.com\/wp-content\/uploads\/2015\/05\/p1.jpg\" alt=\"p1\" width=\"270\" height=\"201\" \/><\/p>\n<h4>FRANKIE KAO<\/h4>\n<p><em>Managing Director<\/em>Frankie\u2019s first assignment was as a field engineer on the Brigham and Women&#8217;s Hospital project in Boston. [\/vc_column_text][vc_column_text]<\/p>\n<div class=\"social\">\n<div class=\"menu-social-profile-links-container\">\n<ul id=\"menu-social-profile-links\" class=\"menu\" style=\"text-align: center;\">\n<li id=\"menu-item-619\" class=\"menu-item menu-item-type-custom menu-item-object-custom menu-item-619\"><a href=\"http:\/\/facebook.com\">facebook<\/a><\/li>\n<li id=\"menu-item-620\" class=\"menu-item menu-item-type-custom menu-item-object-custom menu-item-620\"><a href=\"http:\/\/linkedin.com\">linkedin<\/a><\/li>\n<li id=\"menu-item-621\" class=\"menu-item menu-item-type-custom menu-item-object-custom menu-item-621\"><a href=\"http:\/\/twitter.com\">twitter<\/a><\/li>\n<li id=\"menu-item-622\" class=\"menu-item menu-item-type-custom menu-item-object-custom menu-item-622\"><a href=\"http:\/\/plus.google.com\">plus<\/a><\/li>\n<\/ul>\n<\/div>\n<\/div>\n<p>[\/vc_column_text][\/vc_column_inner][vc_column_inner width=&#8221;1\/3&#8243;][vc_column_text]<img decoding=\"async\" loading=\"lazy\" class=\"alignnone size-full wp-image-73981\" src=\"https:\/\/www.sispetroleum.com\/wp-content\/uploads\/2015\/05\/p2.jpg\" alt=\"p2\" width=\"270\" height=\"201\" \/><\/p>\n<h4>ROBERT KUTCHER<\/h4>\n<p><em>Managing Partner<\/em>Robert began his career with Structure in New York in 1984 and progressed through a variety of assignments.[\/vc_column_text][vc_column_text]<\/p>\n<div class=\"social\">\n<div class=\"menu-social-profile-links-container\">\n<ul id=\"menu-social-profile-links\" class=\"menu\" style=\"text-align: center;\">\n<li id=\"menu-item-619\" class=\"menu-item menu-item-type-custom menu-item-object-custom menu-item-619\"><a href=\"http:\/\/facebook.com\">facebook<\/a><\/li>\n<li id=\"menu-item-620\" class=\"menu-item menu-item-type-custom menu-item-object-custom menu-item-620\"><a href=\"http:\/\/linkedin.com\">linkedin<\/a><\/li>\n<li id=\"menu-item-621\" class=\"menu-item menu-item-type-custom menu-item-object-custom menu-item-621\"><a href=\"http:\/\/twitter.com\">twitter<\/a><\/li>\n<li id=\"menu-item-622\" class=\"menu-item menu-item-type-custom menu-item-object-custom menu-item-622\"><a href=\"http:\/\/plus.google.com\">plus<\/a><\/li>\n<\/ul>\n<\/div>\n<\/div>\n<p>[\/vc_column_text][\/vc_column_inner][vc_column_inner width=&#8221;1\/3&#8243;][vc_column_text]<img decoding=\"async\" loading=\"lazy\" class=\"alignnone size-full wp-image-73982\" src=\"https:\/\/www.sispetroleum.com\/wp-content\/uploads\/2015\/05\/p3.jpg\" alt=\"p3\" width=\"270\" height=\"201\" \/><\/p>\n<h4>STEVE MILNER<\/h4>\n<p><em>Operational Manager<\/em>Steve joined Structure as an assistant engineer in the company\u2019s Cincinnati office in 1981.[\/vc_column_text][vc_column_text]<\/p>\n<div class=\"social\">\n<div class=\"menu-social-profile-links-container\">\n<ul id=\"menu-social-profile-links\" class=\"menu\" style=\"text-align: center;\">\n<li id=\"menu-item-619\" class=\"menu-item menu-item-type-custom menu-item-object-custom menu-item-619\"><a href=\"http:\/\/facebook.com\">facebook<\/a><\/li>\n<li id=\"menu-item-620\" class=\"menu-item menu-item-type-custom menu-item-object-custom menu-item-620\"><a href=\"http:\/\/linkedin.com\">linkedin<\/a><\/li>\n<li id=\"menu-item-621\" class=\"menu-item menu-item-type-custom menu-item-object-custom menu-item-621\"><a href=\"http:\/\/twitter.com\">twitter<\/a><\/li>\n<li id=\"menu-item-622\" class=\"menu-item menu-item-type-custom menu-item-object-custom menu-item-622\"><a href=\"http:\/\/plus.google.com\">plus<\/a><\/li>\n<\/ul>\n<\/div>\n<\/div>\n<p>[\/vc_column_text][\/vc_column_inner][\/vc_row_inner][\/vc_column][\/vc_row][vc_row][vc_column][\/vc_column][\/vc_row][vc_row el_class=&#8221;intro4 min-box align-center&#8221; full_width=&#8221;stretch_row_content&#8221; css=&#8221;.vc_custom_1433564297721{margin-bottom: 0px !important;background-color: #fdc502 !important;}&#8221;][vc_column width=&#8221;2\/3&#8243;][vc_custom_heading text=&#8221;For more information please contact us&#8221; font_container=&#8221;tag:h3|font_size:22|text_align:center|color:%23ffffff&#8221;][\/vc_column][vc_column width=&#8221;1\/3&#8243;][vc_btn title=&#8221;contact us&#8221; style=&#8221;outline&#8221; shape=&#8221;square&#8221; color=&#8221;white&#8221; link=&#8221;url:https%3A%2F%2Fwww.sispetroleum.com%2Fcontact%2F|title:Contact&#8221;][\/vc_column][\/vc_row][vc_row][vc_column][vc_separator][\/vc_column][\/vc_row][vc_row][vc_column][\/vc_column][\/vc_row]<\/p>\n","protected":false},"excerpt":{"rendered":"<p>[vc_row css=&#8221;.vc_custom_1654163459329{margin-top: 20px !important;margin-bottom: 70px !important;}&#8221;][vc_column][vc_row_inner css=&#8221;.vc_custom_1433820342606{margin-bottom: 0px !important;}&#8221;][vc_column_inner width=&#8221;1\/2&#8243; css=&#8221;.vc_custom_1433820353046{margin-bottom: 50px !important;}&#8221;][vc_empty_space][vc_custom_heading text=&#8221;ABOUT US :&#8221; font_container=&#8221;tag:h2|font_size:20|text_align:left&#8221; css_animation=&#8221;top-to-bottom&#8221; el_class=&#8221;heading-title-3&#8243;][vc_column_text]SIS is a company whose vocation is to represent and market products intended for the petroleum sector. SIS offers a wide range of products capable of satisfying all the needs of our customers.[\/vc_column_text][\/vc_column_inner][vc_column_inner width=&#8221;1\/2&#8243; css=&#8221;.vc_custom_1433820365597{margin-bottom: 50px !important;}&#8221;][vc_single_image [&hellip;]<\/p>\n","protected":false},"author":1,"featured_media":0,"parent":0,"menu_order":0,"comment_status":"closed","ping_status":"closed","template":"","meta":[],"yoast_head":"<!-- This site is optimized with the Yoast SEO plugin v19.3 - https:\/\/yoast.com\/wordpress\/plugins\/seo\/ -->\n<title>Presentation | SIS Petroleum tunisie<\/title>\n<meta name=\"description\" content=\"sis petroluem tunisie, \u00e9quipements p\u00e9troliers tunisie, lampe torche tunisie, passage de c\u00e2bles tunisie, mat\u00e9riel anti d\u00e9flagrant tunisie, c\u00e2ble instrumentation tunisie, appareil de signalisation tunisie, presse \u00e9toupe tunisie, raccord \u00e9lectrique tunisie, :[fr] sispetroluem tunisia, petroleum equipment tunisia, flashlight tunisia, cable passage tunisia, explosion-proof equipment tunisia, instrument cable tunisia, signaling device tunisia, cable gland tunisie, electrical connection tunisia, :[en]\" \/>\n<meta name=\"robots\" content=\"index, follow, max-snippet:-1, max-image-preview:large, max-video-preview:-1\" \/>\n<link rel=\"canonical\" href=\"https:\/\/www.sispetroleum.com\/en\/presentation\/\" \/>\n<meta property=\"og:locale\" content=\"en_US\" \/>\n<meta property=\"og:type\" content=\"article\" \/>\n<meta property=\"og:title\" content=\"Presentation | SIS Petroleum tunisie\" \/>\n<meta property=\"og:description\" content=\"sis petroluem tunisie, \u00e9quipements p\u00e9troliers tunisie, lampe torche tunisie, passage de c\u00e2bles tunisie, mat\u00e9riel anti d\u00e9flagrant tunisie, c\u00e2ble instrumentation tunisie, appareil de signalisation tunisie, presse \u00e9toupe tunisie, raccord \u00e9lectrique tunisie, :[fr] sispetroluem tunisia, petroleum equipment tunisia, flashlight tunisia, cable passage tunisia, explosion-proof equipment tunisia, instrument cable tunisia, signaling device tunisia, cable gland tunisie, electrical connection tunisia, :[en]\" \/>\n<meta property=\"og:url\" content=\"https:\/\/www.sispetroleum.com\/en\/presentation\/\" \/>\n<meta property=\"og:site_name\" content=\"SIS Petroleum tunisie\" \/>\n<meta property=\"og:image\" content=\"https:\/\/www.sispetroleum.com\/wp-content\/uploads\/2022\/06\/mission.png\" \/>\n<meta name=\"twitter:card\" content=\"summary_large_image\" \/>\n<meta name=\"twitter:label1\" content=\"Est. reading time\" \/>\n\t<meta name=\"twitter:data1\" content=\"5 minutes\" \/>\n<script type=\"application\/ld+json\" class=\"yoast-schema-graph\">{\"@context\":\"https:\/\/schema.org\",\"@graph\":[{\"@type\":\"WebSite\",\"@id\":\"https:\/\/www.sispetroleum.com\/#website\",\"url\":\"https:\/\/www.sispetroleum.com\/\",\"name\":\"SIS Petroleum tunisie\",\"description\":\"sis petroluem tunisie, \u00e9quipements p\u00e9troliers tunisie, lampe torche tunisie, passage de c\u00e2bles tunisie, mat\u00e9riel anti d\u00e9flagrant tunisie, c\u00e2ble instrumentation tunisie, appareil de signalisation tunisie, presse \u00e9toupe tunisie, raccord \u00e9lectrique tunisie, :[fr] sispetroluem tunisia, petroleum equipment tunisia, flashlight tunisia, cable passage tunisia, explosion-proof equipment tunisia, instrument cable tunisia, signaling device tunisia, cable gland tunisie, electrical connection tunisia, :[en]\",\"potentialAction\":[{\"@type\":\"SearchAction\",\"target\":{\"@type\":\"EntryPoint\",\"urlTemplate\":\"https:\/\/www.sispetroleum.com\/?s={search_term_string}\"},\"query-input\":\"required name=search_term_string\"}],\"inLanguage\":\"en-US\"},{\"@type\":\"ImageObject\",\"inLanguage\":\"en-US\",\"@id\":\"https:\/\/www.sispetroleum.com\/en\/presentation\/#primaryimage\",\"url\":\"https:\/\/www.sispetroleum.com\/wp-content\/uploads\/2022\/06\/mission.png\",\"contentUrl\":\"https:\/\/www.sispetroleum.com\/wp-content\/uploads\/2022\/06\/mission.png\",\"width\":70,\"height\":70},{\"@type\":\"WebPage\",\"@id\":\"https:\/\/www.sispetroleum.com\/en\/presentation\/\",\"url\":\"https:\/\/www.sispetroleum.com\/en\/presentation\/\",\"name\":\"Presentation | SIS Petroleum tunisie\",\"isPartOf\":{\"@id\":\"https:\/\/www.sispetroleum.com\/#website\"},\"primaryImageOfPage\":{\"@id\":\"https:\/\/www.sispetroleum.com\/en\/presentation\/#primaryimage\"},\"datePublished\":\"2022-06-03T15:21:25+00:00\",\"dateModified\":\"2022-06-03T15:21:25+00:00\",\"description\":\"sis petroluem tunisie, \u00e9quipements p\u00e9troliers tunisie, lampe torche tunisie, passage de c\u00e2bles tunisie, mat\u00e9riel anti d\u00e9flagrant tunisie, c\u00e2ble instrumentation tunisie, appareil de signalisation tunisie, presse \u00e9toupe tunisie, raccord \u00e9lectrique tunisie, :[fr] sispetroluem tunisia, petroleum equipment tunisia, flashlight tunisia, cable passage tunisia, explosion-proof equipment tunisia, instrument cable tunisia, signaling device tunisia, cable gland tunisie, electrical connection tunisia, :[en]\",\"breadcrumb\":{\"@id\":\"https:\/\/www.sispetroleum.com\/en\/presentation\/#breadcrumb\"},\"inLanguage\":\"en-US\",\"potentialAction\":[{\"@type\":\"ReadAction\",\"target\":[\"https:\/\/www.sispetroleum.com\/en\/presentation\/\"]}]},{\"@type\":\"BreadcrumbList\",\"@id\":\"https:\/\/www.sispetroleum.com\/en\/presentation\/#breadcrumb\",\"itemListElement\":[{\"@type\":\"ListItem\",\"position\":1,\"name\":\"Accueil\",\"item\":\"https:\/\/www.sispetroleum.com\/en\/\"},{\"@type\":\"ListItem\",\"position\":2,\"name\":\"Presentation\"}]}]}<\/script>\n<!-- \/ Yoast SEO plugin. -->","yoast_head_json":{"title":"Presentation | SIS Petroleum tunisie","description":"sis petroluem tunisie, \u00e9quipements p\u00e9troliers tunisie, lampe torche tunisie, passage de c\u00e2bles tunisie, mat\u00e9riel anti d\u00e9flagrant tunisie, c\u00e2ble instrumentation tunisie, appareil de signalisation tunisie, presse \u00e9toupe tunisie, raccord \u00e9lectrique tunisie, :[fr] sispetroluem tunisia, petroleum equipment tunisia, flashlight tunisia, cable passage tunisia, explosion-proof equipment tunisia, instrument cable tunisia, signaling device tunisia, cable gland tunisie, electrical connection tunisia, :[en]","robots":{"index":"index","follow":"follow","max-snippet":"max-snippet:-1","max-image-preview":"max-image-preview:large","max-video-preview":"max-video-preview:-1"},"canonical":"https:\/\/www.sispetroleum.com\/en\/presentation\/","og_locale":"en_US","og_type":"article","og_title":"Presentation | SIS Petroleum tunisie","og_description":"sis petroluem tunisie, \u00e9quipements p\u00e9troliers tunisie, lampe torche tunisie, passage de c\u00e2bles tunisie, mat\u00e9riel anti d\u00e9flagrant tunisie, c\u00e2ble instrumentation tunisie, appareil de signalisation tunisie, presse \u00e9toupe tunisie, raccord \u00e9lectrique tunisie, :[fr] sispetroluem tunisia, petroleum equipment tunisia, flashlight tunisia, cable passage tunisia, explosion-proof equipment tunisia, instrument cable tunisia, signaling device tunisia, cable gland tunisie, electrical connection tunisia, :[en]","og_url":"https:\/\/www.sispetroleum.com\/en\/presentation\/","og_site_name":"SIS Petroleum tunisie","og_image":[{"url":"https:\/\/www.sispetroleum.com\/wp-content\/uploads\/2022\/06\/mission.png"}],"twitter_card":"summary_large_image","twitter_misc":{"Est. reading time":"5 minutes"},"schema":{"@context":"https:\/\/schema.org","@graph":[{"@type":"WebSite","@id":"https:\/\/www.sispetroleum.com\/#website","url":"https:\/\/www.sispetroleum.com\/","name":"SIS Petroleum tunisie","description":"sis petroluem tunisie, \u00e9quipements p\u00e9troliers tunisie, lampe torche tunisie, passage de c\u00e2bles tunisie, mat\u00e9riel anti d\u00e9flagrant tunisie, c\u00e2ble instrumentation tunisie, appareil de signalisation tunisie, presse \u00e9toupe tunisie, raccord \u00e9lectrique tunisie, :[fr] sispetroluem tunisia, petroleum equipment tunisia, flashlight tunisia, cable passage tunisia, explosion-proof equipment tunisia, instrument cable tunisia, signaling device tunisia, cable gland tunisie, electrical connection tunisia, :[en]","potentialAction":[{"@type":"SearchAction","target":{"@type":"EntryPoint","urlTemplate":"https:\/\/www.sispetroleum.com\/?s={search_term_string}"},"query-input":"required name=search_term_string"}],"inLanguage":"en-US"},{"@type":"ImageObject","inLanguage":"en-US","@id":"https:\/\/www.sispetroleum.com\/en\/presentation\/#primaryimage","url":"https:\/\/www.sispetroleum.com\/wp-content\/uploads\/2022\/06\/mission.png","contentUrl":"https:\/\/www.sispetroleum.com\/wp-content\/uploads\/2022\/06\/mission.png","width":70,"height":70},{"@type":"WebPage","@id":"https:\/\/www.sispetroleum.com\/en\/presentation\/","url":"https:\/\/www.sispetroleum.com\/en\/presentation\/","name":"Presentation | SIS Petroleum tunisie","isPartOf":{"@id":"https:\/\/www.sispetroleum.com\/#website"},"primaryImageOfPage":{"@id":"https:\/\/www.sispetroleum.com\/en\/presentation\/#primaryimage"},"datePublished":"2022-06-03T15:21:25+00:00","dateModified":"2022-06-03T15:21:25+00:00","description":"sis petroluem tunisie, \u00e9quipements p\u00e9troliers tunisie, lampe torche tunisie, passage de c\u00e2bles tunisie, mat\u00e9riel anti d\u00e9flagrant tunisie, c\u00e2ble instrumentation tunisie, appareil de signalisation tunisie, presse \u00e9toupe tunisie, raccord \u00e9lectrique tunisie, :[fr] sispetroluem tunisia, petroleum equipment tunisia, flashlight tunisia, cable passage tunisia, explosion-proof equipment tunisia, instrument cable tunisia, signaling device tunisia, cable gland tunisie, electrical connection tunisia, :[en]","breadcrumb":{"@id":"https:\/\/www.sispetroleum.com\/en\/presentation\/#breadcrumb"},"inLanguage":"en-US","potentialAction":[{"@type":"ReadAction","target":["https:\/\/www.sispetroleum.com\/en\/presentation\/"]}]},{"@type":"BreadcrumbList","@id":"https:\/\/www.sispetroleum.com\/en\/presentation\/#breadcrumb","itemListElement":[{"@type":"ListItem","position":1,"name":"Accueil","item":"https:\/\/www.sispetroleum.com\/en\/"},{"@type":"ListItem","position":2,"name":"Presentation"}]}]}},"_links":{"self":[{"href":"https:\/\/www.sispetroleum.com\/en\/wp-json\/wp\/v2\/pages\/75933"}],"collection":[{"href":"https:\/\/www.sispetroleum.com\/en\/wp-json\/wp\/v2\/pages"}],"about":[{"href":"https:\/\/www.sispetroleum.com\/en\/wp-json\/wp\/v2\/types\/page"}],"author":[{"embeddable":true,"href":"https:\/\/www.sispetroleum.com\/en\/wp-json\/wp\/v2\/users\/1"}],"replies":[{"embeddable":true,"href":"https:\/\/www.sispetroleum.com\/en\/wp-json\/wp\/v2\/comments?post=75933"}],"version-history":[{"count":2,"href":"https:\/\/www.sispetroleum.com\/en\/wp-json\/wp\/v2\/pages\/75933\/revisions"}],"predecessor-version":[{"id":75935,"href":"https:\/\/www.sispetroleum.com\/en\/wp-json\/wp\/v2\/pages\/75933\/revisions\/75935"}],"wp:attachment":[{"href":"https:\/\/www.sispetroleum.com\/en\/wp-json\/wp\/v2\/media?parent=75933"}],"curies":[{"name":"wp","href":"https:\/\/api.w.org\/{rel}","templated":true}]}}