{"id":75958,"date":"2022-06-06T10:52:27","date_gmt":"2022-06-06T08:52:27","guid":{"rendered":"https:\/\/www.sispetroleum.com\/?page_id=75958"},"modified":"2022-06-06T11:41:37","modified_gmt":"2022-06-06T09:41:37","slug":"explosion-proof-electrical-equipment","status":"publish","type":"page","link":"https:\/\/www.sispetroleum.com\/en\/products\/explosion-proof-electrical-equipment\/","title":{"rendered":"Explosion-proof electrical equipment"},"content":{"rendered":"<p>[vc_row][vc_column width=&#8221;1\/3&#8243;][vc_single_image image=&#8221;75651&#8243; img_size=&#8221;medium&#8221; alignment=&#8221;center&#8221; onclick=&#8221;custom_link&#8221; css_animation=&#8221;bounceInLeft&#8221; css=&#8221;.vc_custom_1654505951568{padding-bottom: 10px !important;}&#8221; link=&#8221;https:\/\/www.sispetroleum.com\/en\/products\/explosion-proof-electrical-equipment\/lighting-fixture\/&#8221;][vc_custom_heading text=&#8221;Lighting fixture&#8221; font_container=&#8221;tag:h3|text_align:center|color:%23ffffff&#8221; css_animation=&#8221;bounceInLeft&#8221; css=&#8221;.vc_custom_1654505932866{padding-top: 15px !important;padding-bottom: 15px !important;background-color: #ffb600 !important;}&#8221; link=&#8221;url:https%3A%2F%2Fwww.sispetroleum.com%2Fen%2Fproducts%2Fexplosion-proof-electrical-equipment%2Flighting-fixture%2F&#8221;][\/vc_column][vc_column width=&#8221;1\/3&#8243;][vc_single_image image=&#8221;75662&#8243; img_size=&#8221;medium&#8221; alignment=&#8221;center&#8221; onclick=&#8221;custom_link&#8221; css_animation=&#8221;bounceInDown&#8221; css=&#8221;.vc_custom_1654180824850{padding-bottom: 10px !important;}&#8221; link=&#8221;https:\/\/www.sispetroleum.com\/produits\/materiel-electrique-antideflagrant\/boites-de-jonction\/&#8221;][vc_custom_heading text=&#8221;Junction boxes&#8221; font_container=&#8221;tag:h3|text_align:center|color:%23ffffff&#8221; css_animation=&#8221;bounceInDown&#8221; css=&#8221;.vc_custom_1654506740224{padding-top: 15px !important;padding-bottom: 15px !important;background-color: #ffb600 !important;}&#8221; link=&#8221;url:https%3A%2F%2Fwww.sispetroleum.com%2Fen%2Fproducts%2Fexplosion-proof-electrical-equipment%2Fjunction-boxes%2F&#8221;][\/vc_column][vc_column width=&#8221;1\/3&#8243;][vc_single_image image=&#8221;75665&#8243; img_size=&#8221;medium&#8221; alignment=&#8221;center&#8221; onclick=&#8221;custom_link&#8221; css_animation=&#8221;bounceInRight&#8221; css=&#8221;.vc_custom_1654506204244{padding-bottom: 10px !important;}&#8221; link=&#8221;https:\/\/www.sispetroleum.com\/en\/products\/explosion-proof-electrical-equipment\/signaling-device\/&#8221;][vc_custom_heading text=&#8221;Signaling device&#8221; font_container=&#8221;tag:h3|text_align:center|color:%23ffffff&#8221; css_animation=&#8221;bounceInRight&#8221; css=&#8221;.vc_custom_1654506194239{padding-top: 15px !important;padding-bottom: 15px !important;background-color: #ffb600 !important;}&#8221; link=&#8221;url:https%3A%2F%2Fwww.sispetroleum.com%2Fen%2Fproducts%2Fexplosion-proof-electrical-equipment%2Fsignaling-device%2F&#8221;][\/vc_column][\/vc_row][vc_row css=&#8221;.vc_custom_1654077700430{margin-top: 4% !important;}&#8221;][vc_column width=&#8221;1\/3&#8243;][vc_single_image image=&#8221;75666&#8243; img_size=&#8221;medium&#8221; alignment=&#8221;center&#8221; onclick=&#8221;custom_link&#8221; css_animation=&#8221;bounceInLeft&#8221; css=&#8221;.vc_custom_1654507006860{padding-bottom: 10px !important;}&#8221; link=&#8221;https:\/\/www.sispetroleum.com\/en\/products\/explosion-proof-electrical-equipment\/plug-and-socket\/&#8221;][vc_custom_heading text=&#8221;Plug and socket&#8221; font_container=&#8221;tag:h3|text_align:center|color:%23ffffff&#8221; css_animation=&#8221;bounceInLeft&#8221; css=&#8221;.vc_custom_1654506998091{padding-top: 15px !important;padding-bottom: 15px !important;background-color: #ffb600 !important;}&#8221; link=&#8221;url:https%3A%2F%2Fwww.sispetroleum.com%2Fen%2Fproducts%2Fexplosion-proof-electrical-equipment%2Fplug-and-socket%2F&#8221;][\/vc_column][vc_column width=&#8221;1\/3&#8243;][vc_single_image image=&#8221;75667&#8243; img_size=&#8221;medium&#8221; alignment=&#8221;center&#8221; onclick=&#8221;custom_link&#8221; css_animation=&#8221;bounceInDown&#8221; css=&#8221;.vc_custom_1654507193006{padding-bottom: 10px !important;}&#8221; link=&#8221;https:\/\/www.sispetroleum.com\/en\/products\/explosion-proof-electrical-equipment\/control-and-command-equipment\/&#8221;][vc_custom_heading text=&#8221;Control and command equipment&#8221; font_container=&#8221;tag:h3|text_align:center|color:%23ffffff&#8221; css_animation=&#8221;bounceInDown&#8221; css=&#8221;.vc_custom_1654507185160{padding-top: 15px !important;padding-bottom: 15px !important;background-color: #ffb600 !important;}&#8221; link=&#8221;url:https%3A%2F%2Fwww.sispetroleum.com%2Fen%2Fproducts%2Fexplosion-proof-electrical-equipment%2Fcontrol-and-command-equipment%2F&#8221;][\/vc_column][vc_column width=&#8221;1\/3&#8243;][vc_single_image image=&#8221;75668&#8243; img_size=&#8221;medium&#8221; alignment=&#8221;center&#8221; onclick=&#8221;custom_link&#8221; css_animation=&#8221;bounceInRight&#8221; css=&#8221;.vc_custom_1654507419523{padding-bottom: 10px !important;}&#8221; link=&#8221;https:\/\/www.sispetroleum.com\/en\/products\/explosion-proof-electrical-equipment\/cable-gland\/&#8221;][vc_custom_heading text=&#8221;Cable gland&#8221; font_container=&#8221;tag:h3|text_align:center|color:%23ffffff&#8221; css_animation=&#8221;bounceInRight&#8221; css=&#8221;.vc_custom_1654507411769{padding-top: 15px !important;padding-bottom: 15px !important;background-color: #ffb600 !important;}&#8221; link=&#8221;url:https%3A%2F%2Fwww.sispetroleum.com%2Fen%2Fproducts%2Fexplosion-proof-electrical-equipment%2Fcable-gland%2F&#8221;][\/vc_column][\/vc_row][vc_row css=&#8221;.vc_custom_1654077700430{margin-top: 4% !important;}&#8221;][vc_column width=&#8221;1\/3&#8243;][vc_single_image image=&#8221;75670&#8243; img_size=&#8221;medium&#8221; alignment=&#8221;center&#8221; onclick=&#8221;custom_link&#8221; css_animation=&#8221;bounceInLeft&#8221; css=&#8221;.vc_custom_1654507602177{padding-bottom: 10px !important;}&#8221; link=&#8221;https:\/\/www.sispetroleum.com\/en\/products\/explosion-proof-electrical-equipment\/electrical-connections\/&#8221;][vc_custom_heading text=&#8221;Electrical connections&#8221; font_container=&#8221;tag:h3|text_align:center|color:%23ffffff&#8221; css_animation=&#8221;bounceInLeft&#8221; css=&#8221;.vc_custom_1654507593488{padding-top: 15px !important;padding-bottom: 15px !important;background-color: #ffb600 !important;}&#8221; link=&#8221;url:https%3A%2F%2Fwww.sispetroleum.com%2Fen%2Fproducts%2Fexplosion-proof-electrical-equipment%2Felectrical-connections%2F&#8221;][\/vc_column][vc_column width=&#8221;1\/3&#8243;][vc_single_image image=&#8221;75671&#8243; img_size=&#8221;medium&#8221; alignment=&#8221;center&#8221; onclick=&#8221;custom_link&#8221; css_animation=&#8221;bounceInDown&#8221; css=&#8221;.vc_custom_1654507768772{padding-bottom: 10px !important;}&#8221; link=&#8221;https:\/\/www.sispetroleum.com\/en\/products\/explosion-proof-electrical-equipment\/waterproof-series\/&#8221;][vc_custom_heading text=&#8221;Waterproof series&#8221; font_container=&#8221;tag:h3|text_align:center|color:%23ffffff&#8221; css_animation=&#8221;bounceInDown&#8221; css=&#8221;.vc_custom_1654507753545{padding-top: 15px !important;padding-bottom: 15px !important;background-color: #ffb600 !important;}&#8221; link=&#8221;url:https%3A%2F%2Fwww.sispetroleum.com%2Fen%2Fproducts%2Fexplosion-proof-electrical-equipment%2Fwaterproof-series%2F&#8221;][\/vc_column][vc_column width=&#8221;1\/3&#8243;][vc_single_image image=&#8221;75672&#8243; img_size=&#8221;medium&#8221; alignment=&#8221;center&#8221; onclick=&#8221;custom_link&#8221; css_animation=&#8221;bounceInRight&#8221; css=&#8221;.vc_custom_1654506401783{padding-bottom: 10px !important;}&#8221; link=&#8221;https:\/\/www.sispetroleum.com\/en\/products\/explosion-proof-electrical-equipment\/vacuum-cleaners\/&#8221;][vc_custom_heading text=&#8221;Vacuum cleaners&#8221; font_container=&#8221;tag:h3|text_align:center|color:%23ffffff&#8221; css_animation=&#8221;bounceInRight&#8221; css=&#8221;.vc_custom_1654506391769{padding-top: 15px !important;padding-bottom: 15px !important;background-color: #ffb600 !important;}&#8221; link=&#8221;url:https%3A%2F%2Fwww.sispetroleum.com%2Fen%2Fproducts%2Fexplosion-proof-electrical-equipment%2Fvacuum-cleaners%2F&#8221;][\/vc_column][\/vc_row]<\/p>\n","protected":false},"excerpt":{"rendered":"<p>[vc_row][vc_column width=&#8221;1\/3&#8243;][vc_single_image image=&#8221;75651&#8243; img_size=&#8221;medium&#8221; alignment=&#8221;center&#8221; onclick=&#8221;custom_link&#8221; css_animation=&#8221;bounceInLeft&#8221; css=&#8221;.vc_custom_1654505951568{padding-bottom: 10px !important;}&#8221; link=&#8221;https:\/\/www.sispetroleum.com\/en\/products\/explosion-proof-electrical-equipment\/lighting-fixture\/&#8221;][vc_custom_heading text=&#8221;Lighting fixture&#8221; font_container=&#8221;tag:h3|text_align:center|color:%23ffffff&#8221; css_animation=&#8221;bounceInLeft&#8221; css=&#8221;.vc_custom_1654505932866{padding-top: 15px !important;padding-bottom: 15px !important;background-color: #ffb600 !important;}&#8221; link=&#8221;url:https%3A%2F%2Fwww.sispetroleum.com%2Fen%2Fproducts%2Fexplosion-proof-electrical-equipment%2Flighting-fixture%2F&#8221;][\/vc_column][vc_column width=&#8221;1\/3&#8243;][vc_single_image image=&#8221;75662&#8243; img_size=&#8221;medium&#8221; alignment=&#8221;center&#8221; onclick=&#8221;custom_link&#8221; css_animation=&#8221;bounceInDown&#8221; css=&#8221;.vc_custom_1654180824850{padding-bottom: 10px !important;}&#8221; link=&#8221;https:\/\/www.sispetroleum.com\/produits\/materiel-electrique-antideflagrant\/boites-de-jonction\/&#8221;][vc_custom_heading text=&#8221;Junction boxes&#8221; font_container=&#8221;tag:h3|text_align:center|color:%23ffffff&#8221; css_animation=&#8221;bounceInDown&#8221; css=&#8221;.vc_custom_1654506740224{padding-top: 15px !important;padding-bottom: 15px !important;background-color: #ffb600 !important;}&#8221; link=&#8221;url:https%3A%2F%2Fwww.sispetroleum.com%2Fen%2Fproducts%2Fexplosion-proof-electrical-equipment%2Fjunction-boxes%2F&#8221;][\/vc_column][vc_column width=&#8221;1\/3&#8243;][vc_single_image image=&#8221;75665&#8243; img_size=&#8221;medium&#8221; alignment=&#8221;center&#8221; onclick=&#8221;custom_link&#8221; css_animation=&#8221;bounceInRight&#8221; css=&#8221;.vc_custom_1654506204244{padding-bottom: 10px !important;}&#8221; link=&#8221;https:\/\/www.sispetroleum.com\/en\/products\/explosion-proof-electrical-equipment\/signaling-device\/&#8221;][vc_custom_heading [&hellip;]<\/p>\n","protected":false},"author":1,"featured_media":0,"parent":75936,"menu_order":0,"comment_status":"closed","ping_status":"closed","template":"","meta":[],"yoast_head":"<!-- This site is optimized with the Yoast SEO plugin v19.3 - https:\/\/yoast.com\/wordpress\/plugins\/seo\/ -->\n<title>Explosion-proof electrical equipment | SIS Petroleum tunisie<\/title>\n<meta name=\"description\" content=\"sis petroluem tunisie, \u00e9quipements p\u00e9troliers tunisie, lampe torche tunisie, passage de c\u00e2bles tunisie, mat\u00e9riel anti d\u00e9flagrant tunisie, c\u00e2ble instrumentation tunisie, appareil de signalisation tunisie, presse \u00e9toupe tunisie, raccord \u00e9lectrique tunisie, :[fr] sispetroluem tunisia, petroleum equipment tunisia, flashlight tunisia, cable passage tunisia, explosion-proof equipment tunisia, instrument cable tunisia, signaling device tunisia, cable gland tunisie, electrical connection tunisia, :[en]\" \/>\n<meta name=\"robots\" content=\"index, follow, max-snippet:-1, max-image-preview:large, max-video-preview:-1\" \/>\n<link rel=\"canonical\" href=\"https:\/\/www.sispetroleum.com\/en\/products\/explosion-proof-electrical-equipment\/\" \/>\n<meta property=\"og:locale\" content=\"en_US\" \/>\n<meta property=\"og:type\" content=\"article\" \/>\n<meta property=\"og:title\" content=\"Explosion-proof electrical equipment | SIS Petroleum tunisie\" \/>\n<meta property=\"og:description\" content=\"sis petroluem tunisie, \u00e9quipements p\u00e9troliers tunisie, lampe torche tunisie, passage de c\u00e2bles tunisie, mat\u00e9riel anti d\u00e9flagrant tunisie, c\u00e2ble instrumentation tunisie, appareil de signalisation tunisie, presse \u00e9toupe tunisie, raccord \u00e9lectrique tunisie, :[fr] sispetroluem tunisia, petroleum equipment tunisia, flashlight tunisia, cable passage tunisia, explosion-proof equipment tunisia, instrument cable tunisia, signaling device tunisia, cable gland tunisie, electrical connection tunisia, :[en]\" \/>\n<meta property=\"og:url\" content=\"https:\/\/www.sispetroleum.com\/en\/products\/explosion-proof-electrical-equipment\/\" \/>\n<meta property=\"og:site_name\" content=\"SIS Petroleum tunisie\" \/>\n<meta property=\"article:modified_time\" content=\"2022-06-06T09:41:37+00:00\" \/>\n<meta name=\"twitter:card\" content=\"summary_large_image\" \/>\n<meta name=\"twitter:label1\" content=\"Est. reading time\" \/>\n\t<meta name=\"twitter:data1\" content=\"4 minutes\" \/>\n<script type=\"application\/ld+json\" class=\"yoast-schema-graph\">{\"@context\":\"https:\/\/schema.org\",\"@graph\":[{\"@type\":\"WebSite\",\"@id\":\"https:\/\/www.sispetroleum.com\/#website\",\"url\":\"https:\/\/www.sispetroleum.com\/\",\"name\":\"SIS Petroleum tunisie\",\"description\":\"sis petroluem tunisie, \u00e9quipements p\u00e9troliers tunisie, lampe torche tunisie, passage de c\u00e2bles tunisie, mat\u00e9riel anti d\u00e9flagrant tunisie, c\u00e2ble instrumentation tunisie, appareil de signalisation tunisie, presse \u00e9toupe tunisie, raccord \u00e9lectrique tunisie, :[fr] sispetroluem tunisia, petroleum equipment tunisia, flashlight tunisia, cable passage tunisia, explosion-proof equipment tunisia, instrument cable tunisia, signaling device tunisia, cable gland tunisie, electrical connection tunisia, :[en]\",\"potentialAction\":[{\"@type\":\"SearchAction\",\"target\":{\"@type\":\"EntryPoint\",\"urlTemplate\":\"https:\/\/www.sispetroleum.com\/?s={search_term_string}\"},\"query-input\":\"required name=search_term_string\"}],\"inLanguage\":\"en-US\"},{\"@type\":\"WebPage\",\"@id\":\"https:\/\/www.sispetroleum.com\/en\/products\/explosion-proof-electrical-equipment\/\",\"url\":\"https:\/\/www.sispetroleum.com\/en\/products\/explosion-proof-electrical-equipment\/\",\"name\":\"Explosion-proof electrical equipment | SIS Petroleum tunisie\",\"isPartOf\":{\"@id\":\"https:\/\/www.sispetroleum.com\/#website\"},\"datePublished\":\"2022-06-06T08:52:27+00:00\",\"dateModified\":\"2022-06-06T09:41:37+00:00\",\"description\":\"sis petroluem tunisie, \u00e9quipements p\u00e9troliers tunisie, lampe torche tunisie, passage de c\u00e2bles tunisie, mat\u00e9riel anti d\u00e9flagrant tunisie, c\u00e2ble instrumentation tunisie, appareil de signalisation tunisie, presse \u00e9toupe tunisie, raccord \u00e9lectrique tunisie, :[fr] sispetroluem tunisia, petroleum equipment tunisia, flashlight tunisia, cable passage tunisia, explosion-proof equipment tunisia, instrument cable tunisia, signaling device tunisia, cable gland tunisie, electrical connection tunisia, :[en]\",\"breadcrumb\":{\"@id\":\"https:\/\/www.sispetroleum.com\/en\/products\/explosion-proof-electrical-equipment\/#breadcrumb\"},\"inLanguage\":\"en-US\",\"potentialAction\":[{\"@type\":\"ReadAction\",\"target\":[\"https:\/\/www.sispetroleum.com\/en\/products\/explosion-proof-electrical-equipment\/\"]}]},{\"@type\":\"BreadcrumbList\",\"@id\":\"https:\/\/www.sispetroleum.com\/en\/products\/explosion-proof-electrical-equipment\/#breadcrumb\",\"itemListElement\":[{\"@type\":\"ListItem\",\"position\":1,\"name\":\"Accueil\",\"item\":\"https:\/\/www.sispetroleum.com\/en\/\"},{\"@type\":\"ListItem\",\"position\":2,\"name\":\"Products\",\"item\":\"https:\/\/www.sispetroleum.com\/en\/products\/\"},{\"@type\":\"ListItem\",\"position\":3,\"name\":\"Explosion-proof electrical equipment\"}]}]}<\/script>\n<!-- \/ Yoast SEO plugin. -->","yoast_head_json":{"title":"Explosion-proof electrical equipment | SIS Petroleum tunisie","description":"sis petroluem tunisie, \u00e9quipements p\u00e9troliers tunisie, lampe torche tunisie, passage de c\u00e2bles tunisie, mat\u00e9riel anti d\u00e9flagrant tunisie, c\u00e2ble instrumentation tunisie, appareil de signalisation tunisie, presse \u00e9toupe tunisie, raccord \u00e9lectrique tunisie, :[fr] sispetroluem tunisia, petroleum equipment tunisia, flashlight tunisia, cable passage tunisia, explosion-proof equipment tunisia, instrument cable tunisia, signaling device tunisia, cable gland tunisie, electrical connection tunisia, :[en]","robots":{"index":"index","follow":"follow","max-snippet":"max-snippet:-1","max-image-preview":"max-image-preview:large","max-video-preview":"max-video-preview:-1"},"canonical":"https:\/\/www.sispetroleum.com\/en\/products\/explosion-proof-electrical-equipment\/","og_locale":"en_US","og_type":"article","og_title":"Explosion-proof electrical equipment | SIS Petroleum tunisie","og_description":"sis petroluem tunisie, \u00e9quipements p\u00e9troliers tunisie, lampe torche tunisie, passage de c\u00e2bles tunisie, mat\u00e9riel anti d\u00e9flagrant tunisie, c\u00e2ble instrumentation tunisie, appareil de signalisation tunisie, presse \u00e9toupe tunisie, raccord \u00e9lectrique tunisie, :[fr] sispetroluem tunisia, petroleum equipment tunisia, flashlight tunisia, cable passage tunisia, explosion-proof equipment tunisia, instrument cable tunisia, signaling device tunisia, cable gland tunisie, electrical connection tunisia, :[en]","og_url":"https:\/\/www.sispetroleum.com\/en\/products\/explosion-proof-electrical-equipment\/","og_site_name":"SIS Petroleum tunisie","article_modified_time":"2022-06-06T09:41:37+00:00","twitter_card":"summary_large_image","twitter_misc":{"Est. reading time":"4 minutes"},"schema":{"@context":"https:\/\/schema.org","@graph":[{"@type":"WebSite","@id":"https:\/\/www.sispetroleum.com\/#website","url":"https:\/\/www.sispetroleum.com\/","name":"SIS Petroleum tunisie","description":"sis petroluem tunisie, \u00e9quipements p\u00e9troliers tunisie, lampe torche tunisie, passage de c\u00e2bles tunisie, mat\u00e9riel anti d\u00e9flagrant tunisie, c\u00e2ble instrumentation tunisie, appareil de signalisation tunisie, presse \u00e9toupe tunisie, raccord \u00e9lectrique tunisie, :[fr] sispetroluem tunisia, petroleum equipment tunisia, flashlight tunisia, cable passage tunisia, explosion-proof equipment tunisia, instrument cable tunisia, signaling device tunisia, cable gland tunisie, electrical connection tunisia, :[en]","potentialAction":[{"@type":"SearchAction","target":{"@type":"EntryPoint","urlTemplate":"https:\/\/www.sispetroleum.com\/?s={search_term_string}"},"query-input":"required name=search_term_string"}],"inLanguage":"en-US"},{"@type":"WebPage","@id":"https:\/\/www.sispetroleum.com\/en\/products\/explosion-proof-electrical-equipment\/","url":"https:\/\/www.sispetroleum.com\/en\/products\/explosion-proof-electrical-equipment\/","name":"Explosion-proof electrical equipment | SIS Petroleum tunisie","isPartOf":{"@id":"https:\/\/www.sispetroleum.com\/#website"},"datePublished":"2022-06-06T08:52:27+00:00","dateModified":"2022-06-06T09:41:37+00:00","description":"sis petroluem tunisie, \u00e9quipements p\u00e9troliers tunisie, lampe torche tunisie, passage de c\u00e2bles tunisie, mat\u00e9riel anti d\u00e9flagrant tunisie, c\u00e2ble instrumentation tunisie, appareil de signalisation tunisie, presse \u00e9toupe tunisie, raccord \u00e9lectrique tunisie, :[fr] sispetroluem tunisia, petroleum equipment tunisia, flashlight tunisia, cable passage tunisia, explosion-proof equipment tunisia, instrument cable tunisia, signaling device tunisia, cable gland tunisie, electrical connection tunisia, :[en]","breadcrumb":{"@id":"https:\/\/www.sispetroleum.com\/en\/products\/explosion-proof-electrical-equipment\/#breadcrumb"},"inLanguage":"en-US","potentialAction":[{"@type":"ReadAction","target":["https:\/\/www.sispetroleum.com\/en\/products\/explosion-proof-electrical-equipment\/"]}]},{"@type":"BreadcrumbList","@id":"https:\/\/www.sispetroleum.com\/en\/products\/explosion-proof-electrical-equipment\/#breadcrumb","itemListElement":[{"@type":"ListItem","position":1,"name":"Accueil","item":"https:\/\/www.sispetroleum.com\/en\/"},{"@type":"ListItem","position":2,"name":"Products","item":"https:\/\/www.sispetroleum.com\/en\/products\/"},{"@type":"ListItem","position":3,"name":"Explosion-proof electrical equipment"}]}]}},"_links":{"self":[{"href":"https:\/\/www.sispetroleum.com\/en\/wp-json\/wp\/v2\/pages\/75958"}],"collection":[{"href":"https:\/\/www.sispetroleum.com\/en\/wp-json\/wp\/v2\/pages"}],"about":[{"href":"https:\/\/www.sispetroleum.com\/en\/wp-json\/wp\/v2\/types\/page"}],"author":[{"embeddable":true,"href":"https:\/\/www.sispetroleum.com\/en\/wp-json\/wp\/v2\/users\/1"}],"replies":[{"embeddable":true,"href":"https:\/\/www.sispetroleum.com\/en\/wp-json\/wp\/v2\/comments?post=75958"}],"version-history":[{"count":5,"href":"https:\/\/www.sispetroleum.com\/en\/wp-json\/wp\/v2\/pages\/75958\/revisions"}],"predecessor-version":[{"id":76004,"href":"https:\/\/www.sispetroleum.com\/en\/wp-json\/wp\/v2\/pages\/75958\/revisions\/76004"}],"up":[{"embeddable":true,"href":"https:\/\/www.sispetroleum.com\/en\/wp-json\/wp\/v2\/pages\/75936"}],"wp:attachment":[{"href":"https:\/\/www.sispetroleum.com\/en\/wp-json\/wp\/v2\/media?parent=75958"}],"curies":[{"name":"wp","href":"https:\/\/api.w.org\/{rel}","templated":true}]}}