{"id":75976,"date":"2022-06-06T10:59:54","date_gmt":"2022-06-06T08:59:54","guid":{"rendered":"https:\/\/www.sispetroleum.com\/?page_id=75976"},"modified":"2022-06-06T10:59:54","modified_gmt":"2022-06-06T08:59:54","slug":"signaling-device","status":"publish","type":"page","link":"https:\/\/www.sispetroleum.com\/en\/products\/explosion-proof-electrical-equipment\/signaling-device\/","title":{"rendered":"Signaling device"},"content":{"rendered":"<p>[vc_row][vc_column width=&#8221;1\/3&#8243;][vc_single_image image=&#8221;75695&#8243; img_size=&#8221;full&#8221; alignment=&#8221;center&#8221; onclick=&#8221;custom_link&#8221; img_link_target=&#8221;_blank&#8221; css_animation=&#8221;bounceInLeft&#8221; css=&#8221;.vc_custom_1654160034636{padding-bottom: 10px !important;}&#8221; link=&#8221;https:\/\/pim.cortemgroup.com\/uploads\/pim\/originals\/cortem-group-lighting-and-signalling.pdf&#8221;][vc_custom_heading text=&#8221;Signaling device&#8221; font_container=&#8221;tag:h3|text_align:center|color:%23ffffff&#8221; css_animation=&#8221;bounceInLeft&#8221; css=&#8221;.vc_custom_1654506040673{padding-top: 15px !important;padding-bottom: 15px !important;background-color: #ffb600 !important;}&#8221; link=&#8221;url:https%3A%2F%2Fpim.cortemgroup.com%2Fuploads%2Fpim%2Foriginals%2Fcortem-group-lighting-and-signalling.pdf|target:_blank&#8221;][\/vc_column][vc_column width=&#8221;1\/3&#8243;][vc_single_image image=&#8221;75696&#8243; img_size=&#8221;full&#8221; alignment=&#8221;center&#8221; onclick=&#8221;custom_link&#8221; img_link_target=&#8221;_blank&#8221; css_animation=&#8221;bounceInLeft&#8221; css=&#8221;.vc_custom_1654160043419{padding-bottom: 10px !important;}&#8221; link=&#8221;https:\/\/pim.cortemgroup.com\/uploads\/pim\/originals\/cortem-group-led-lighting-solutions.pdf&#8221;][vc_custom_heading text=&#8221;Signaling device&#8221; font_container=&#8221;tag:h3|text_align:center|color:%23ffffff&#8221; css_animation=&#8221;bounceInLeft&#8221; css=&#8221;.vc_custom_1654506047454{padding-top: 15px !important;padding-bottom: 15px !important;background-color: #ffb600 !important;}&#8221; link=&#8221;url:https%3A%2F%2Fpim.cortemgroup.com%2Fuploads%2Fpim%2Foriginals%2Fcortem-group-led-lighting-solutions.pdf|target:_blank&#8221;][\/vc_column][vc_column width=&#8221;1\/3&#8243;][\/vc_column][\/vc_row]<\/p>\n","protected":false},"excerpt":{"rendered":"<p>[vc_row][vc_column width=&#8221;1\/3&#8243;][vc_single_image image=&#8221;75695&#8243; img_size=&#8221;full&#8221; alignment=&#8221;center&#8221; onclick=&#8221;custom_link&#8221; img_link_target=&#8221;_blank&#8221; css_animation=&#8221;bounceInLeft&#8221; css=&#8221;.vc_custom_1654160034636{padding-bottom: 10px !important;}&#8221; link=&#8221;https:\/\/pim.cortemgroup.com\/uploads\/pim\/originals\/cortem-group-lighting-and-signalling.pdf&#8221;][vc_custom_heading text=&#8221;Signaling device&#8221; font_container=&#8221;tag:h3|text_align:center|color:%23ffffff&#8221; css_animation=&#8221;bounceInLeft&#8221; css=&#8221;.vc_custom_1654506040673{padding-top: 15px !important;padding-bottom: 15px !important;background-color: #ffb600 !important;}&#8221; link=&#8221;url:https%3A%2F%2Fpim.cortemgroup.com%2Fuploads%2Fpim%2Foriginals%2Fcortem-group-lighting-and-signalling.pdf|target:_blank&#8221;][\/vc_column][vc_column width=&#8221;1\/3&#8243;][vc_single_image image=&#8221;75696&#8243; img_size=&#8221;full&#8221; alignment=&#8221;center&#8221; onclick=&#8221;custom_link&#8221; img_link_target=&#8221;_blank&#8221; css_animation=&#8221;bounceInLeft&#8221; css=&#8221;.vc_custom_1654160043419{padding-bottom: 10px !important;}&#8221; link=&#8221;https:\/\/pim.cortemgroup.com\/uploads\/pim\/originals\/cortem-group-led-lighting-solutions.pdf&#8221;][vc_custom_heading text=&#8221;Signaling device&#8221; font_container=&#8221;tag:h3|text_align:center|color:%23ffffff&#8221; css_animation=&#8221;bounceInLeft&#8221; css=&#8221;.vc_custom_1654506047454{padding-top: 15px !important;padding-bottom: 15px !important;background-color: #ffb600 !important;}&#8221; link=&#8221;url:https%3A%2F%2Fpim.cortemgroup.com%2Fuploads%2Fpim%2Foriginals%2Fcortem-group-led-lighting-solutions.pdf|target:_blank&#8221;][\/vc_column][vc_column width=&#8221;1\/3&#8243;][\/vc_column][\/vc_row]<\/p>\n","protected":false},"author":1,"featured_media":0,"parent":75958,"menu_order":0,"comment_status":"closed","ping_status":"closed","template":"","meta":[],"yoast_head":"<!-- This site is optimized with the Yoast SEO plugin v19.3 - https:\/\/yoast.com\/wordpress\/plugins\/seo\/ -->\n<title>Signaling device | SIS Petroleum tunisie<\/title>\n<meta name=\"description\" content=\"sis petroluem tunisie, \u00e9quipements p\u00e9troliers tunisie, lampe torche tunisie, passage de c\u00e2bles tunisie, mat\u00e9riel anti d\u00e9flagrant tunisie, c\u00e2ble instrumentation tunisie, appareil de signalisation tunisie, presse \u00e9toupe tunisie, raccord \u00e9lectrique tunisie, :[fr] sispetroluem tunisia, petroleum equipment tunisia, flashlight tunisia, cable passage tunisia, explosion-proof equipment tunisia, instrument cable tunisia, signaling device tunisia, cable gland tunisie, electrical connection tunisia, :[en]\" \/>\n<meta name=\"robots\" content=\"index, follow, max-snippet:-1, max-image-preview:large, max-video-preview:-1\" \/>\n<link rel=\"canonical\" href=\"https:\/\/www.sispetroleum.com\/en\/products\/explosion-proof-electrical-equipment\/signaling-device\/\" \/>\n<meta property=\"og:locale\" content=\"en_US\" \/>\n<meta property=\"og:type\" content=\"article\" \/>\n<meta property=\"og:title\" content=\"Signaling device | SIS Petroleum tunisie\" \/>\n<meta property=\"og:description\" content=\"sis petroluem tunisie, \u00e9quipements p\u00e9troliers tunisie, lampe torche tunisie, passage de c\u00e2bles tunisie, mat\u00e9riel anti d\u00e9flagrant tunisie, c\u00e2ble instrumentation tunisie, appareil de signalisation tunisie, presse \u00e9toupe tunisie, raccord \u00e9lectrique tunisie, :[fr] sispetroluem tunisia, petroleum equipment tunisia, flashlight tunisia, cable passage tunisia, explosion-proof equipment tunisia, instrument cable tunisia, signaling device tunisia, cable gland tunisie, electrical connection tunisia, :[en]\" \/>\n<meta property=\"og:url\" content=\"https:\/\/www.sispetroleum.com\/en\/products\/explosion-proof-electrical-equipment\/signaling-device\/\" \/>\n<meta property=\"og:site_name\" content=\"SIS Petroleum tunisie\" \/>\n<meta name=\"twitter:card\" content=\"summary_large_image\" \/>\n<meta name=\"twitter:label1\" content=\"Est. reading time\" \/>\n\t<meta name=\"twitter:data1\" content=\"1 minute\" \/>\n<script type=\"application\/ld+json\" class=\"yoast-schema-graph\">{\"@context\":\"https:\/\/schema.org\",\"@graph\":[{\"@type\":\"WebSite\",\"@id\":\"https:\/\/www.sispetroleum.com\/#website\",\"url\":\"https:\/\/www.sispetroleum.com\/\",\"name\":\"SIS Petroleum tunisie\",\"description\":\"sis petroluem tunisie, \u00e9quipements p\u00e9troliers tunisie, lampe torche tunisie, passage de c\u00e2bles tunisie, mat\u00e9riel anti d\u00e9flagrant tunisie, c\u00e2ble instrumentation tunisie, appareil de signalisation tunisie, presse \u00e9toupe tunisie, raccord \u00e9lectrique tunisie, :[fr] sispetroluem tunisia, petroleum equipment tunisia, flashlight tunisia, cable passage tunisia, explosion-proof equipment tunisia, instrument cable tunisia, signaling device tunisia, cable gland tunisie, electrical connection tunisia, :[en]\",\"potentialAction\":[{\"@type\":\"SearchAction\",\"target\":{\"@type\":\"EntryPoint\",\"urlTemplate\":\"https:\/\/www.sispetroleum.com\/?s={search_term_string}\"},\"query-input\":\"required name=search_term_string\"}],\"inLanguage\":\"en-US\"},{\"@type\":\"WebPage\",\"@id\":\"https:\/\/www.sispetroleum.com\/en\/products\/explosion-proof-electrical-equipment\/signaling-device\/\",\"url\":\"https:\/\/www.sispetroleum.com\/en\/products\/explosion-proof-electrical-equipment\/signaling-device\/\",\"name\":\"Signaling device | SIS Petroleum tunisie\",\"isPartOf\":{\"@id\":\"https:\/\/www.sispetroleum.com\/#website\"},\"datePublished\":\"2022-06-06T08:59:54+00:00\",\"dateModified\":\"2022-06-06T08:59:54+00:00\",\"description\":\"sis petroluem tunisie, \u00e9quipements p\u00e9troliers tunisie, lampe torche tunisie, passage de c\u00e2bles tunisie, mat\u00e9riel anti d\u00e9flagrant tunisie, c\u00e2ble instrumentation tunisie, appareil de signalisation tunisie, presse \u00e9toupe tunisie, raccord \u00e9lectrique tunisie, :[fr] sispetroluem tunisia, petroleum equipment tunisia, flashlight tunisia, cable passage tunisia, explosion-proof equipment tunisia, instrument cable tunisia, signaling device tunisia, cable gland tunisie, electrical connection tunisia, :[en]\",\"breadcrumb\":{\"@id\":\"https:\/\/www.sispetroleum.com\/en\/products\/explosion-proof-electrical-equipment\/signaling-device\/#breadcrumb\"},\"inLanguage\":\"en-US\",\"potentialAction\":[{\"@type\":\"ReadAction\",\"target\":[\"https:\/\/www.sispetroleum.com\/en\/products\/explosion-proof-electrical-equipment\/signaling-device\/\"]}]},{\"@type\":\"BreadcrumbList\",\"@id\":\"https:\/\/www.sispetroleum.com\/en\/products\/explosion-proof-electrical-equipment\/signaling-device\/#breadcrumb\",\"itemListElement\":[{\"@type\":\"ListItem\",\"position\":1,\"name\":\"Accueil\",\"item\":\"https:\/\/www.sispetroleum.com\/en\/\"},{\"@type\":\"ListItem\",\"position\":2,\"name\":\"Products\",\"item\":\"https:\/\/www.sispetroleum.com\/en\/products\/\"},{\"@type\":\"ListItem\",\"position\":3,\"name\":\"Explosion-proof electrical equipment\",\"item\":\"https:\/\/www.sispetroleum.com\/en\/products\/explosion-proof-electrical-equipment\/\"},{\"@type\":\"ListItem\",\"position\":4,\"name\":\"Signaling device\"}]}]}<\/script>\n<!-- \/ Yoast SEO plugin. -->","yoast_head_json":{"title":"Signaling device | SIS Petroleum tunisie","description":"sis petroluem tunisie, \u00e9quipements p\u00e9troliers tunisie, lampe torche tunisie, passage de c\u00e2bles tunisie, mat\u00e9riel anti d\u00e9flagrant tunisie, c\u00e2ble instrumentation tunisie, appareil de signalisation tunisie, presse \u00e9toupe tunisie, raccord \u00e9lectrique tunisie, :[fr] sispetroluem tunisia, petroleum equipment tunisia, flashlight tunisia, cable passage tunisia, explosion-proof equipment tunisia, instrument cable tunisia, signaling device tunisia, cable gland tunisie, electrical connection tunisia, :[en]","robots":{"index":"index","follow":"follow","max-snippet":"max-snippet:-1","max-image-preview":"max-image-preview:large","max-video-preview":"max-video-preview:-1"},"canonical":"https:\/\/www.sispetroleum.com\/en\/products\/explosion-proof-electrical-equipment\/signaling-device\/","og_locale":"en_US","og_type":"article","og_title":"Signaling device | SIS Petroleum tunisie","og_description":"sis petroluem tunisie, \u00e9quipements p\u00e9troliers tunisie, lampe torche tunisie, passage de c\u00e2bles tunisie, mat\u00e9riel anti d\u00e9flagrant tunisie, c\u00e2ble instrumentation tunisie, appareil de signalisation tunisie, presse \u00e9toupe tunisie, raccord \u00e9lectrique tunisie, :[fr] sispetroluem tunisia, petroleum equipment tunisia, flashlight tunisia, cable passage tunisia, explosion-proof equipment tunisia, instrument cable tunisia, signaling device tunisia, cable gland tunisie, electrical connection tunisia, :[en]","og_url":"https:\/\/www.sispetroleum.com\/en\/products\/explosion-proof-electrical-equipment\/signaling-device\/","og_site_name":"SIS Petroleum tunisie","twitter_card":"summary_large_image","twitter_misc":{"Est. reading time":"1 minute"},"schema":{"@context":"https:\/\/schema.org","@graph":[{"@type":"WebSite","@id":"https:\/\/www.sispetroleum.com\/#website","url":"https:\/\/www.sispetroleum.com\/","name":"SIS Petroleum tunisie","description":"sis petroluem tunisie, \u00e9quipements p\u00e9troliers tunisie, lampe torche tunisie, passage de c\u00e2bles tunisie, mat\u00e9riel anti d\u00e9flagrant tunisie, c\u00e2ble instrumentation tunisie, appareil de signalisation tunisie, presse \u00e9toupe tunisie, raccord \u00e9lectrique tunisie, :[fr] sispetroluem tunisia, petroleum equipment tunisia, flashlight tunisia, cable passage tunisia, explosion-proof equipment tunisia, instrument cable tunisia, signaling device tunisia, cable gland tunisie, electrical connection tunisia, :[en]","potentialAction":[{"@type":"SearchAction","target":{"@type":"EntryPoint","urlTemplate":"https:\/\/www.sispetroleum.com\/?s={search_term_string}"},"query-input":"required name=search_term_string"}],"inLanguage":"en-US"},{"@type":"WebPage","@id":"https:\/\/www.sispetroleum.com\/en\/products\/explosion-proof-electrical-equipment\/signaling-device\/","url":"https:\/\/www.sispetroleum.com\/en\/products\/explosion-proof-electrical-equipment\/signaling-device\/","name":"Signaling device | SIS Petroleum tunisie","isPartOf":{"@id":"https:\/\/www.sispetroleum.com\/#website"},"datePublished":"2022-06-06T08:59:54+00:00","dateModified":"2022-06-06T08:59:54+00:00","description":"sis petroluem tunisie, \u00e9quipements p\u00e9troliers tunisie, lampe torche tunisie, passage de c\u00e2bles tunisie, mat\u00e9riel anti d\u00e9flagrant tunisie, c\u00e2ble instrumentation tunisie, appareil de signalisation tunisie, presse \u00e9toupe tunisie, raccord \u00e9lectrique tunisie, :[fr] sispetroluem tunisia, petroleum equipment tunisia, flashlight tunisia, cable passage tunisia, explosion-proof equipment tunisia, instrument cable tunisia, signaling device tunisia, cable gland tunisie, electrical connection tunisia, :[en]","breadcrumb":{"@id":"https:\/\/www.sispetroleum.com\/en\/products\/explosion-proof-electrical-equipment\/signaling-device\/#breadcrumb"},"inLanguage":"en-US","potentialAction":[{"@type":"ReadAction","target":["https:\/\/www.sispetroleum.com\/en\/products\/explosion-proof-electrical-equipment\/signaling-device\/"]}]},{"@type":"BreadcrumbList","@id":"https:\/\/www.sispetroleum.com\/en\/products\/explosion-proof-electrical-equipment\/signaling-device\/#breadcrumb","itemListElement":[{"@type":"ListItem","position":1,"name":"Accueil","item":"https:\/\/www.sispetroleum.com\/en\/"},{"@type":"ListItem","position":2,"name":"Products","item":"https:\/\/www.sispetroleum.com\/en\/products\/"},{"@type":"ListItem","position":3,"name":"Explosion-proof electrical equipment","item":"https:\/\/www.sispetroleum.com\/en\/products\/explosion-proof-electrical-equipment\/"},{"@type":"ListItem","position":4,"name":"Signaling device"}]}]}},"_links":{"self":[{"href":"https:\/\/www.sispetroleum.com\/en\/wp-json\/wp\/v2\/pages\/75976"}],"collection":[{"href":"https:\/\/www.sispetroleum.com\/en\/wp-json\/wp\/v2\/pages"}],"about":[{"href":"https:\/\/www.sispetroleum.com\/en\/wp-json\/wp\/v2\/types\/page"}],"author":[{"embeddable":true,"href":"https:\/\/www.sispetroleum.com\/en\/wp-json\/wp\/v2\/users\/1"}],"replies":[{"embeddable":true,"href":"https:\/\/www.sispetroleum.com\/en\/wp-json\/wp\/v2\/comments?post=75976"}],"version-history":[{"count":2,"href":"https:\/\/www.sispetroleum.com\/en\/wp-json\/wp\/v2\/pages\/75976\/revisions"}],"predecessor-version":[{"id":75978,"href":"https:\/\/www.sispetroleum.com\/en\/wp-json\/wp\/v2\/pages\/75976\/revisions\/75978"}],"up":[{"embeddable":true,"href":"https:\/\/www.sispetroleum.com\/en\/wp-json\/wp\/v2\/pages\/75958"}],"wp:attachment":[{"href":"https:\/\/www.sispetroleum.com\/en\/wp-json\/wp\/v2\/media?parent=75976"}],"curies":[{"name":"wp","href":"https:\/\/api.w.org\/{rel}","templated":true}]}}